{"id":1236,"date":"2025-06-25T11:45:18","date_gmt":"2025-06-25T09:45:18","guid":{"rendered":"https:\/\/begral.com\/location-dechafaudages\/"},"modified":"2025-07-09T13:31:35","modified_gmt":"2025-07-09T11:31:35","slug":"location-dechafaudages","status":"publish","type":"page","link":"https:\/\/begral.com\/fr\/offre\/location-dechafaudages\/","title":{"rendered":"Location d&rsquo;\u00e9chafaudages"},"content":{"rendered":"\t\t<div data-elementor-type=\"wp-page\" data-elementor-id=\"1236\" class=\"elementor elementor-1236 elementor-131\" data-elementor-post-type=\"page\">\n\t\t\t\t<div class=\"elementor-element elementor-element-b0a6278 e-flex e-con-boxed e-con e-parent\" data-id=\"b0a6278\" data-element_type=\"container\" data-e-type=\"container\">\n\t\t\t\t\t<div class=\"e-con-inner\">\n\t\t<div class=\"elementor-element elementor-element-c93719c e-con-full e-flex e-con e-child\" data-id=\"c93719c\" data-element_type=\"container\" data-e-type=\"container\">\n\t\t\t\t<div class=\"elementor-element elementor-element-bc03d01 gradient elementor-widget elementor-widget-heading\" data-id=\"bc03d01\" data-element_type=\"widget\" data-e-type=\"widget\" data-widget_type=\"heading.default\">\n\t\t\t\t<div class=\"elementor-widget-container\">\n\t\t\t\t\t<h1 class=\"elementor-heading-title elementor-size-default\">Location d'\u00e9chafaudages<\/h1>\t\t\t\t<\/div>\n\t\t\t\t<\/div>\n\t\t\t\t<div class=\"elementor-element elementor-element-b56bb4e elementor-widget elementor-widget-text-editor\" data-id=\"b56bb4e\" data-element_type=\"widget\" data-e-type=\"widget\" data-widget_type=\"text-editor.default\">\n\t\t\t\t<div class=\"elementor-widget-container\">\n\t\t\t\t\t\t\t\t\t<p>Si vous avez besoin d&rsquo;un \u00e9chafaudage en Belgique, Begral est le choix qui r\u00e9pond aux normes de qualit\u00e9 les plus \u00e9lev\u00e9es et notre personnel vous apportera son soutien \u00e0 chaque \u00e9tape. Les professionnels et les particuliers trouveront chez nous l&rsquo;\u00e9chafaudage ad\u00e9quat pour leurs projets de construction. <\/p><p>Le montage, le d\u00e9montage, le transport et la location s&rsquo;effectuent rapidement et en toute s\u00e9curit\u00e9.<\/p><p>Si vous \u00eates int\u00e9ress\u00e9 par la location d&rsquo;un \u00e9chafaudage, n&rsquo;h\u00e9sitez pas \u00e0 nous contacter. Nous vous ferons une offre personnalis\u00e9e, adapt\u00e9e \u00e0 vos attentes. <\/p>\t\t\t\t\t\t\t\t<\/div>\n\t\t\t\t<\/div>\n\t\t\t\t<div class=\"elementor-element elementor-element-fd496d2 elementor-widget elementor-widget-button\" data-id=\"fd496d2\" data-element_type=\"widget\" data-e-type=\"widget\" data-widget_type=\"button.default\">\n\t\t\t\t<div class=\"elementor-widget-container\">\n\t\t\t\t\t\t\t\t\t<div class=\"elementor-button-wrapper\">\n\t\t\t\t\t<a class=\"elementor-button elementor-button-link elementor-size-sm\" href=\"https:\/\/begral.com\/fr\/contact\/\">\n\t\t\t\t\t\t<span class=\"elementor-button-content-wrapper\">\n\t\t\t\t\t\t\t\t\t<span class=\"elementor-button-text\">Contactez nous<\/span>\n\t\t\t\t\t<\/span>\n\t\t\t\t\t<\/a>\n\t\t\t\t<\/div>\n\t\t\t\t\t\t\t\t<\/div>\n\t\t\t\t<\/div>\n\t\t\t\t<\/div>\n\t\t<div class=\"elementor-element elementor-element-7a56e80 e-con-full e-flex e-con e-child\" data-id=\"7a56e80\" data-element_type=\"container\" data-e-type=\"container\">\n\t\t\t\t<div class=\"elementor-element elementor-element-1691bf2 elementor-widget elementor-widget-image\" data-id=\"1691bf2\" data-element_type=\"widget\" data-e-type=\"widget\" data-widget_type=\"image.default\">\n\t\t\t\t<div class=\"elementor-widget-container\">\n\t\t\t\t\t\t\t\t\t\t\t\t\t\t\t<img loading=\"lazy\" decoding=\"async\" width=\"800\" height=\"600\" src=\"https:\/\/begral.com\/wp-content\/uploads\/2025\/06\/wynajem-rusztowan-oferta-1024x768.webp\" class=\"attachment-large size-large wp-image-138\" alt=\"\" srcset=\"https:\/\/begral.com\/wp-content\/uploads\/2025\/06\/wynajem-rusztowan-oferta-1024x768.webp 1024w, https:\/\/begral.com\/wp-content\/uploads\/2025\/06\/wynajem-rusztowan-oferta-300x225.webp 300w, https:\/\/begral.com\/wp-content\/uploads\/2025\/06\/wynajem-rusztowan-oferta-768x576.webp 768w, https:\/\/begral.com\/wp-content\/uploads\/2025\/06\/wynajem-rusztowan-oferta.webp 1200w\" sizes=\"auto, (max-width: 800px) 100vw, 800px\" \/>\t\t\t\t\t\t\t\t\t\t\t\t\t\t\t<\/div>\n\t\t\t\t<\/div>\n\t\t<div class=\"elementor-element elementor-element-c126b63 e-con-full e-flex e-con e-child\" data-id=\"c126b63\" data-element_type=\"container\" data-e-type=\"container\">\n\t\t\t\t<div class=\"elementor-element elementor-element-fcd01f8 elementor-widget elementor-widget-image\" data-id=\"fcd01f8\" data-element_type=\"widget\" data-e-type=\"widget\" data-widget_type=\"image.default\">\n\t\t\t\t<div class=\"elementor-widget-container\">\n\t\t\t\t\t\t\t\t\t\t\t\t\t\t\t\t<a href=\"https:\/\/begral.com\/wp-content\/uploads\/2025\/06\/ceryfikat-1.webp\" data-elementor-open-lightbox=\"yes\" data-elementor-lightbox-title=\"ceryfikat-1\" data-e-action-hash=\"#elementor-action%3Aaction%3Dlightbox%26settings%3DeyJpZCI6MTM3LCJ1cmwiOiJodHRwczpcL1wvYmVncmFsLmNvbVwvd3AtY29udGVudFwvdXBsb2Fkc1wvMjAyNVwvMDZcL2NlcnlmaWthdC0xLndlYnAifQ%3D%3D\">\n\t\t\t\t\t\t\t<img loading=\"lazy\" decoding=\"async\" width=\"452\" height=\"640\" src=\"https:\/\/begral.com\/wp-content\/uploads\/2025\/06\/ceryfikat-1.webp\" class=\"attachment-large size-large wp-image-137\" alt=\"\" srcset=\"https:\/\/begral.com\/wp-content\/uploads\/2025\/06\/ceryfikat-1.webp 452w, https:\/\/begral.com\/wp-content\/uploads\/2025\/06\/ceryfikat-1-212x300.webp 212w\" sizes=\"auto, (max-width: 452px) 100vw, 452px\" \/>\t\t\t\t\t\t\t\t<\/a>\n\t\t\t\t\t\t\t\t\t\t\t\t\t\t\t<\/div>\n\t\t\t\t<\/div>\n\t\t\t\t<div class=\"elementor-element elementor-element-bb8c2b1 elementor-widget elementor-widget-image\" data-id=\"bb8c2b1\" data-element_type=\"widget\" data-e-type=\"widget\" data-widget_type=\"image.default\">\n\t\t\t\t<div class=\"elementor-widget-container\">\n\t\t\t\t\t\t\t\t\t\t\t\t\t\t\t\t<a href=\"https:\/\/begral.com\/wp-content\/uploads\/2025\/06\/ceryfikat-2.webp\" data-elementor-open-lightbox=\"yes\" data-elementor-lightbox-title=\"ceryfikat-2\" data-e-action-hash=\"#elementor-action%3Aaction%3Dlightbox%26settings%3DeyJpZCI6MTM2LCJ1cmwiOiJodHRwczpcL1wvYmVncmFsLmNvbVwvd3AtY29udGVudFwvdXBsb2Fkc1wvMjAyNVwvMDZcL2NlcnlmaWthdC0yLndlYnAifQ%3D%3D\">\n\t\t\t\t\t\t\t<img loading=\"lazy\" decoding=\"async\" width=\"452\" height=\"640\" src=\"https:\/\/begral.com\/wp-content\/uploads\/2025\/06\/ceryfikat-2.webp\" class=\"attachment-large size-large wp-image-136\" alt=\"\" srcset=\"https:\/\/begral.com\/wp-content\/uploads\/2025\/06\/ceryfikat-2.webp 452w, https:\/\/begral.com\/wp-content\/uploads\/2025\/06\/ceryfikat-2-212x300.webp 212w\" sizes=\"auto, (max-width: 452px) 100vw, 452px\" \/>\t\t\t\t\t\t\t\t<\/a>\n\t\t\t\t\t\t\t\t\t\t\t\t\t\t\t<\/div>\n\t\t\t\t<\/div>\n\t\t\t\t<\/div>\n\t\t\t\t<\/div>\n\t\t\t\t\t<\/div>\n\t\t\t\t<\/div>\n\t\t\t\t<\/div>\n\t\t","protected":false},"excerpt":{"rendered":"<p>Location d&rsquo;\u00e9chafaudages Si vous avez besoin d&rsquo;un \u00e9chafaudage en Belgique, Begral est le choix qui r\u00e9pond aux normes de qualit\u00e9 les plus \u00e9lev\u00e9es et notre personnel vous apportera son soutien \u00e0 chaque \u00e9tape. Les professionnels et les particuliers trouveront chez nous l&rsquo;\u00e9chafaudage ad\u00e9quat pour leurs projets de construction. Le montage, le d\u00e9montage, le transport et [&hellip;]<\/p>\n","protected":false},"author":2,"featured_media":0,"parent":1266,"menu_order":0,"comment_status":"closed","ping_status":"closed","template":"","meta":{"footnotes":""},"class_list":["post-1236","page","type-page","status-publish","hentry"],"aioseo_notices":[],"_links":{"self":[{"href":"https:\/\/begral.com\/fr\/wp-json\/wp\/v2\/pages\/1236","targetHints":{"allow":["GET"]}}],"collection":[{"href":"https:\/\/begral.com\/fr\/wp-json\/wp\/v2\/pages"}],"about":[{"href":"https:\/\/begral.com\/fr\/wp-json\/wp\/v2\/types\/page"}],"author":[{"embeddable":true,"href":"https:\/\/begral.com\/fr\/wp-json\/wp\/v2\/users\/2"}],"replies":[{"embeddable":true,"href":"https:\/\/begral.com\/fr\/wp-json\/wp\/v2\/comments?post=1236"}],"version-history":[{"count":2,"href":"https:\/\/begral.com\/fr\/wp-json\/wp\/v2\/pages\/1236\/revisions"}],"predecessor-version":[{"id":1287,"href":"https:\/\/begral.com\/fr\/wp-json\/wp\/v2\/pages\/1236\/revisions\/1287"}],"up":[{"embeddable":true,"href":"https:\/\/begral.com\/fr\/wp-json\/wp\/v2\/pages\/1266"}],"wp:attachment":[{"href":"https:\/\/begral.com\/fr\/wp-json\/wp\/v2\/media?parent=1236"}],"curies":[{"name":"wp","href":"https:\/\/api.w.org\/{rel}","templated":true}]}}